{"id":740,"date":"2016-11-18T11:03:22","date_gmt":"2016-11-18T11:03:22","guid":{"rendered":"http:\/\/drama.david-picquenot.com\/?page_id=740"},"modified":"2026-02-17T10:16:12","modified_gmt":"2026-02-17T10:16:12","slug":"pieces-de-theatre","status":"publish","type":"page","link":"https:\/\/dramaparis.com\/wp\/pieces-de-theatre\/","title":{"rendered":"Pi\u00e8ces de th\u00e9\u00e2tre"},"content":{"rendered":"<div class=\"wpb-content-wrapper\"><p>[vc_row][vc_column][vc_custom_heading source=\u00a0\u00bbpost_title\u00a0\u00bb font_container=\u00a0\u00bbtag:h1|font_size:36|text_align:left|color:%23706f6f\u00a0\u00bb google_fonts=\u00a0\u00bbfont_family:Lato%3A100%2C100italic%2C300%2C300italic%2Cregular%2Citalic%2C700%2C700italic%2C900%2C900italic|font_style:700%20bold%20regular%3A700%3Anormal\u00a0\u00bb][vc_separator color=\u00a0\u00bbcustom\u00a0\u00bb align=\u00a0\u00bbalign_left\u00a0\u00bb accent_color=\u00a0\u00bb#706f6f\u00a0\u00bb][\/vc_column][\/vc_row][vc_row][vc_column]<div class=\"lead \"><span style=\"color: #706f6f;\"><span style=\"font-family: Lato, serif;\"><b>Informations g\u00e9n\u00e9rales<br \/>\n<\/b><\/span><\/span><span style=\"color: #706f6f;\"><span style=\"font-family: Lato, serif;\">Vous d\u00e9sirez monter une \u0153uvre d\u2019un auteur fran\u00e7ais ou \u00e9tranger faisant partie du catalogue de l\u2019Agence Drama.<\/span><\/span><span style=\"color: #000000;\"><span style=\"font-family: Lato, serif;\"><br \/>\n<\/span><\/span><span style=\"color: #706f6f;\"><span style=\"font-family: Lato, serif;\"><b>Vous devez, avant tout, en obtenir les droits de repr\u00e9sentations aupr\u00e8s de nous. <\/b><\/span><\/span><span style=\"color: #706f6f;\"><span style=\"font-family: Lato, serif;\">Nous vous invitons \u00e0 lire attentivement les d\u00e9marches en trois temps.<\/span><\/span><\/p>\n<p><span style=\"color: #706f6f;\"><span style=\"font-family: Lato, serif;\"><b>1- Quel est votre projet ?<br \/>\n<\/b><\/span><\/span><span style=\"color: #706f6f;\"><span style=\"font-family: Lato, serif;\">Vous devez nous faire parvenir votre demande en nous communiquant le titre de la pi\u00e8ce et le nom de l\u2019auteur qui vous int\u00e9ressent.<\/span><\/span><\/p>\n<p><span style=\"color: #706f6f;\"><span style=\"font-family: Lato, serif;\">Envoyez un e-mail :<\/span><\/span><\/p>\n<ul>\n<li><span style=\"color: #706f6f;\"><span style=\"font-family: Lato, serif;\"><b>Pour les repr\u00e9sentations professionnelles <\/b><\/span><\/span><span style=\"color: #706f6f;\"><span style=\"font-family: Lato, serif;\"><strong>en France<\/strong> \u00e0 Antoine du Besset: <\/span><\/span><a href=\"mailto:a.dubesset@dramaparis.com\" target=\"_blank\" rel=\"noopener\"><span style=\"color: #bd0010;\"><strong>a.dubesset@dramaparis.com<\/strong><\/span><\/a><\/li>\n<li><span style=\"color: #706f6f;\"><span style=\"font-family: Lato, serif;\"><b>Pour les repr\u00e9sentations professionnelles \u00e0 l\u2019\u00e9tranger<\/b><\/span><\/span><span style=\"color: #706f6f;\"><span style=\"font-family: Lato, serif;\"> \u00e0 Elisabeth S\u00e9mon:<\/span><\/span> <a href=\"mailto:e.semon@dramaparis.com?cc=s.aznaran@dramaparis.com&amp;subject=%20Demande%20de%20droits%20pi%C3%A8ces%20de%20th%C3%A9%C3%A2tre%20(repr%C3%A9sentations%20hors%20de%20France)\"><span style=\"color: #bd0010;\"><strong>e.semon@dramaparis.com<\/strong><\/span><\/a><\/li>\n<li><span style=\"color: #706f6f;\"><span style=\"font-family: Lato, serif;\"><b>Pour les repr\u00e9sentations amateurs (France + \u00e9tranger)<\/b><\/span><\/span><span style=\"color: #706f6f;\"><span style=\"font-family: Lato, serif;\">\u00a0\u00e0 Toscane Moses:<\/span><\/span> <a href=\"mailto:t.moses@dramaparis.com\" target=\"_blank\" rel=\"noopener\"><span style=\"color: #bd0010;\"><strong>t.moses@dramaparis.com<\/strong><\/span><\/a><\/li>\n<\/ul>\n<p><span style=\"color: #706f6f;\"><span style=\"font-family: Lato, serif;\"><b>2 \u2013 Disponibilit\u00e9 du titre<\/b><\/span><\/span><span style=\"color: #000000;\"><span style=\"font-family: Lato, serif;\"><br \/>\n<\/span><\/span><span style=\"color: #706f6f;\"><span style=\"font-family: Lato, serif;\">Nous v\u00e9rifions la disponibilit\u00e9 du titre, puis vous r\u00e9pondons par e-mail d\u00e8s que possible. Les d\u00e9marches peuvent prendre un peu de temps. Il est inutile de nous relancer, nous vous recontacterons d\u00e8s que possible.<\/span><\/span><\/p>\n<p><span style=\"color: #706f6f;\"><span style=\"font-family: Lato, serif;\">Si les droits de la pi\u00e8ce sont disponibles, vous devrez <\/span><\/span><span style=\"color: #706f6f;\"><span style=\"font-family: Lato, serif;\"><b>obligatoirement remplir le<span style=\"color: #bd0010;\"> formulaire en ligne<\/span><\/b><\/span><\/span><a href=\"https:\/\/dramaparis.com\/wp\/demande-de-droits-piece-de-theatre\/\" target=\"_blank\" rel=\"noopener\"><span style=\"color: #bd0010;\"><span style=\"font-family: Lato, serif;\"><u><b> ici<\/b><\/u><\/span><\/span><span style=\"color: #706f6f;\"><span style=\"font-family: Lato, serif;\"><span style=\"color: #bd0010;\">.<\/span><\/span><\/span><\/a><\/p>\n<p><span style=\"color: #706f6f;\"><span style=\"font-family: Lato, serif;\">Il est <\/span><\/span><span style=\"color: #706f6f;\"><span style=\"font-family: Lato, serif;\"> <b>indispensable<\/b><\/span><\/span><span style=\"color: #706f6f;\"><span style=\"font-family: Lato, serif;\"> de nous joindre en pi\u00e8ces jointes :<\/span><\/span><\/p>\n<ul>\n<li><span style=\"color: #706f6f;\"><span style=\"font-family: Lato, serif;\"><b>les CV<\/b><\/span><\/span><span style=\"color: #706f6f;\"><span style=\"font-family: Lato, serif;\"> de la compagnie et du metteur en sc\u00e8ne<\/span><\/span><\/li>\n<li><span style=\"color: #706f6f;\"><span style=\"font-family: Lato, serif;\"> les d\u00e9tails de votre <\/span><\/span><span style=\"color: #706f6f;\"><span style=\"font-family: Lato, serif;\"> <b>projet artistique<\/b><\/span><\/span><\/li>\n<li><span style=\"color: #706f6f;\"><span style=\"font-family: Lato, serif;\"> le <\/span><\/span><span style=\"color: #706f6f;\"><span style=\"font-family: Lato, serif;\"> <b>budget d\u00e9taill\u00e9<\/b><\/span><\/span><span style=\"color: #706f6f;\"><span style=\"font-family: Lato, serif;\"> de votre production<\/span><\/span><\/li>\n<\/ul>\n<p><span style=\"color: #706f6f;\"><span style=\"font-family: Lato, serif;\"> <b>Merci de nous retourner le formulaire accompagn\u00e9 du versement suivant :<\/b><\/span><\/span><\/p>\n<p><span style=\"color: #706f6f;\"><span style=\"font-family: Lato, serif;\"> Pour <\/span><\/span><span style=\"color: #706f6f;\"><span style=\"font-family: Lato, serif;\"> <b>les repr\u00e9sentations<\/b><\/span><\/span> <span style=\"color: #706f6f;\"><span style=\"font-family: Lato, serif;\"> <b>en France : \u20ac 120<\/b><\/span><\/span><span style=\"color: #706f6f;\"><span style=\"font-family: Lato, serif;\"> (\u20ac 100 + TVA au taux en vigueur)<\/span><\/span><\/p>\n<p><span style=\"color: #706f6f;\"><span style=\"font-family: Lato, serif;\"> Pour <\/span><\/span><span style=\"color: #706f6f;\"><span style=\"font-family: Lato, serif;\"> <b>les repr\u00e9sentations<\/b><\/span><\/span> <span style=\"color: #706f6f;\"><span style=\"font-family: Lato, serif;\"> <b>hors de France : \u20ac 100<\/b><\/span><\/span><\/p>\n<p><span style=\"color: #706f6f;\"><span style=\"font-family: Lato, serif;\"> Coordonn\u00e9es bancaires :<\/span><\/span><\/p>\n<p><span style=\"color: #706f6f;\"><span style=\"font-family: Lato, serif;\">DRAMA<\/span><\/span><span style=\"color: #000000;\"><span style=\"font-family: Lato, serif;\"><br \/>\n<\/span><\/span><span style=\"color: #706f6f;\"><span style=\"font-family: Lato, serif;\"> c\/o BANQUE NATIONALE DE PARIS \/ PARIBAS<\/span><\/span><span style=\"color: #000000;\"><span style=\"font-family: Lato, serif;\"><br \/>\n<\/span><\/span><span style=\"color: #706f6f;\"><span style=\"font-family: Lato, serif;\"> IBAN : FR76 3000 4008 0200 0100 0984 665<\/span><\/span><span style=\"color: #000000;\"><span style=\"font-family: Lato, serif;\"><br \/>\n<\/span><\/span><span style=\"color: #706f6f;\"><span style=\"font-family: Lato, serif;\"> BIC : BNPAFRPP<\/span><\/span><span style=\"color: #000000;\"><span style=\"font-family: Lato, serif;\"><br \/>\n<\/span><\/span> <b> <\/b><span style=\"color: #000000;\"><span style=\"font-family: Lato, serif;\"><br \/>\n<\/span><\/span><span style=\"color: #706f6f;\"><span style=\"font-family: Lato, serif;\"> <b>Votre demande ne sera trait\u00e9e qu\u2019\u00e0 r\u00e9ception de ce virement<\/b><\/span><\/span><\/p>\n<p><span style=\"color: #706f6f;\"><span style=\"font-family: Lato, serif;\"> <b>3- Conditions d\u2019exploitation<br \/>\n<\/b><\/span><\/span><span style=\"color: #706f6f;\"><span style=\"font-family: Lato, serif;\"> L\u2019agence Drama vous fera alors une proposition fixant les conditions de l\u2019autorisation.<\/span><\/span><\/p>\n<p><span style=\"color: #000000;\"><span style=\"font-family: Lato, serif;\"><br \/>\n<\/span><\/span><span style=\"color: #706f6f;\"><span style=\"font-family: Lato, serif;\"> Il nous est impossible d\u2019\u00e9valuer les conditions avant d\u2019avoir re\u00e7u tous les \u00e9l\u00e9ments mentionn\u00e9s ci-dessus.<\/span><\/span><\/p>\n<p><span style=\"color: #706f6f;\"><span style=\"font-family: Lato, serif;\"> Lorsque vous aurez accept\u00e9 nos conditions, nous vous enverrons une facture avec un r\u00e9capitulatif de l\u2019\u00e9tendue de l\u2019autorisation et des divers postes \u00e0 acquitter (avance sur droits d\u2019auteur, commission, frais administratifs, pourcentages des droits d\u2019auteur).<\/span><\/span><\/p>\n<p><span style=\"color: #706f6f;\"><span style=\"font-family: Lato, serif;\"> Si l\u2019\u0153uvre de l\u2019auteur et le territoire n\u00e9cessitent une intervention de la SACD (Soci\u00e9t\u00e9 des Auteurs et Compositeurs Dramatiques, 11 rue Ballu 75009 Paris, soci\u00e9t\u00e9 perceptrice des droits d\u2019auteurs en France), apr\u00e8s r\u00e8glement, nous les informerons de l\u2019autorisation accord\u00e9e et des conditions n\u00e9goci\u00e9es. Elle \u00e9tablira les contrats n\u00e9cessaires selon ses usages pour percevoir les droits d\u2019auteur, <\/span><\/span><\/p>\n<p><span style=\"color: #706f6f;\"><span style=\"font-family: Lato, serif;\"> Pour le cas o\u00f9 la SACD n\u2019aurait pas \u00e0 intervenir, nous fixerons avec vous les modalit\u00e9s de r\u00e8glement des droits d\u2019auteur.<\/span><\/span><\/p>\n<p><span style=\"color: #706f6f;\"><span style=\"font-family: Lato, serif;\"> <b>Bonnes repr\u00e9sentations !<\/b><\/span><\/span><\/div>[\/vc_column][\/vc_row]<\/p>\n<\/div>","protected":false},"excerpt":{"rendered":"<p>[vc_row][vc_column][vc_custom_heading source=\u00a0\u00bbpost_title\u00a0\u00bb font_container=\u00a0\u00bbtag:h1|font_size:36|text_align:left|color:%23706f6f\u00a0\u00bb google_fonts=\u00a0\u00bbfont_family:Lato%3A100%2C100italic%2C300%2C300italic%2Cregular%2Citalic%2C700%2C700italic%2C900%2C900italic|font_style:700%20bold%20regular%3A700%3Anormal\u00a0\u00bb][vc_separator color=\u00a0\u00bbcustom\u00a0\u00bb align=\u00a0\u00bbalign_left\u00a0\u00bb accent_color=\u00a0\u00bb#706f6f\u00a0\u00bb][\/vc_column][\/vc_row][vc_row][vc_column][\/vc_column][\/vc_row]<\/p>\n","protected":false},"author":1,"featured_media":0,"parent":0,"menu_order":0,"comment_status":"closed","ping_status":"closed","template":"","meta":{"footnotes":""},"class_list":["post-740","page","type-page","status-publish","hentry"],"yoast_head":"<!-- This site is optimized with the Yoast SEO plugin v27.3 - https:\/\/yoast.com\/product\/yoast-seo-wordpress\/ -->\n<title>Pi\u00e8ces de th\u00e9\u00e2tre - Drama - Suzanne Sarquier<\/title>\n<meta name=\"robots\" content=\"index, follow, max-snippet:-1, max-image-preview:large, max-video-preview:-1\" \/>\n<link rel=\"canonical\" href=\"http:\/\/dramaparis.com\/wp\/pieces-de-theatre\/\" \/>\n<meta property=\"og:locale\" content=\"fr_FR\" \/>\n<meta property=\"og:type\" content=\"article\" \/>\n<meta property=\"og:title\" content=\"Pi\u00e8ces de th\u00e9\u00e2tre - Drama - Suzanne Sarquier\" \/>\n<meta property=\"og:description\" content=\"[vc_row][vc_column][vc_custom_heading source=\u00a0\u00bbpost_title\u00a0\u00bb font_container=\u00a0\u00bbtag:h1|font_size:36|text_align:left|color:%23706f6f\u00a0\u00bb google_fonts=\u00a0\u00bbfont_family:Lato%3A100%2C100italic%2C300%2C300italic%2Cregular%2Citalic%2C700%2C700italic%2C900%2C900italic|font_style:700%20bold%20regular%3A700%3Anormal\u00a0\u00bb][vc_separator color=\u00a0\u00bbcustom\u00a0\u00bb align=\u00a0\u00bbalign_left\u00a0\u00bb accent_color=\u00a0\u00bb#706f6f\u00a0\u00bb][\/vc_column][\/vc_row][vc_row][vc_column][\/vc_column][\/vc_row]\" \/>\n<meta property=\"og:url\" content=\"http:\/\/dramaparis.com\/wp\/pieces-de-theatre\/\" \/>\n<meta property=\"og:site_name\" content=\"Drama - Suzanne Sarquier\" \/>\n<meta property=\"article:publisher\" content=\"https:\/\/www.facebook.com\/suzanne.sarquier\" \/>\n<meta property=\"article:modified_time\" content=\"2026-02-17T10:16:12+00:00\" \/>\n<meta name=\"twitter:card\" content=\"summary_large_image\" \/>\n<meta name=\"twitter:label1\" content=\"Dur\u00e9e de lecture estim\u00e9e\" \/>\n\t<meta name=\"twitter:data1\" content=\"3 minutes\" \/>\n<script type=\"application\/ld+json\" class=\"yoast-schema-graph\">{\"@context\":\"https:\\\/\\\/schema.org\",\"@graph\":[{\"@type\":\"WebPage\",\"@id\":\"http:\\\/\\\/dramaparis.com\\\/wp\\\/pieces-de-theatre\\\/\",\"url\":\"http:\\\/\\\/dramaparis.com\\\/wp\\\/pieces-de-theatre\\\/\",\"name\":\"Pi\u00e8ces de th\u00e9\u00e2tre - Drama - Suzanne Sarquier\",\"isPartOf\":{\"@id\":\"https:\\\/\\\/dramaparis.com\\\/wp\\\/#website\"},\"datePublished\":\"2016-11-18T11:03:22+00:00\",\"dateModified\":\"2026-02-17T10:16:12+00:00\",\"breadcrumb\":{\"@id\":\"http:\\\/\\\/dramaparis.com\\\/wp\\\/pieces-de-theatre\\\/#breadcrumb\"},\"inLanguage\":\"fr-FR\",\"potentialAction\":[{\"@type\":\"ReadAction\",\"target\":[\"http:\\\/\\\/dramaparis.com\\\/wp\\\/pieces-de-theatre\\\/\"]}]},{\"@type\":\"BreadcrumbList\",\"@id\":\"http:\\\/\\\/dramaparis.com\\\/wp\\\/pieces-de-theatre\\\/#breadcrumb\",\"itemListElement\":[{\"@type\":\"ListItem\",\"position\":1,\"name\":\"Accueil\",\"item\":\"https:\\\/\\\/dramaparis.com\\\/wp\\\/\"},{\"@type\":\"ListItem\",\"position\":2,\"name\":\"Pi\u00e8ces de th\u00e9\u00e2tre\"}]},{\"@type\":\"WebSite\",\"@id\":\"https:\\\/\\\/dramaparis.com\\\/wp\\\/#website\",\"url\":\"https:\\\/\\\/dramaparis.com\\\/wp\\\/\",\"name\":\"Drama - Suzanne Sarquier\",\"description\":\"Agence litt\u00e9raire\",\"publisher\":{\"@id\":\"https:\\\/\\\/dramaparis.com\\\/wp\\\/#organization\"},\"potentialAction\":[{\"@type\":\"SearchAction\",\"target\":{\"@type\":\"EntryPoint\",\"urlTemplate\":\"https:\\\/\\\/dramaparis.com\\\/wp\\\/?s={search_term_string}\"},\"query-input\":{\"@type\":\"PropertyValueSpecification\",\"valueRequired\":true,\"valueName\":\"search_term_string\"}}],\"inLanguage\":\"fr-FR\"},{\"@type\":\"Organization\",\"@id\":\"https:\\\/\\\/dramaparis.com\\\/wp\\\/#organization\",\"name\":\"Drama \u2013 Suzanne Sarquier \u2013 Agence litt\u00e9raire\",\"url\":\"https:\\\/\\\/dramaparis.com\\\/wp\\\/\",\"logo\":{\"@type\":\"ImageObject\",\"inLanguage\":\"fr-FR\",\"@id\":\"https:\\\/\\\/dramaparis.com\\\/wp\\\/#\\\/schema\\\/logo\\\/image\\\/\",\"url\":\"https:\\\/\\\/dramaparis.com\\\/wp\\\/wp-content\\\/uploads\\\/2016\\\/10\\\/LOGO_400X254.png\",\"contentUrl\":\"https:\\\/\\\/dramaparis.com\\\/wp\\\/wp-content\\\/uploads\\\/2016\\\/10\\\/LOGO_400X254.png\",\"width\":400,\"height\":254,\"caption\":\"Drama \u2013 Suzanne Sarquier \u2013 Agence litt\u00e9raire\"},\"image\":{\"@id\":\"https:\\\/\\\/dramaparis.com\\\/wp\\\/#\\\/schema\\\/logo\\\/image\\\/\"},\"sameAs\":[\"https:\\\/\\\/www.facebook.com\\\/suzanne.sarquier\",\"https:\\\/\\\/www.instagram.com\\\/dramaparissuzannesarquier\\\/\"]}]}<\/script>\n<!-- \/ Yoast SEO plugin. -->","yoast_head_json":{"title":"Pi\u00e8ces de th\u00e9\u00e2tre - Drama - Suzanne Sarquier","robots":{"index":"index","follow":"follow","max-snippet":"max-snippet:-1","max-image-preview":"max-image-preview:large","max-video-preview":"max-video-preview:-1"},"canonical":"http:\/\/dramaparis.com\/wp\/pieces-de-theatre\/","og_locale":"fr_FR","og_type":"article","og_title":"Pi\u00e8ces de th\u00e9\u00e2tre - Drama - Suzanne Sarquier","og_description":"[vc_row][vc_column][vc_custom_heading source=\u00a0\u00bbpost_title\u00a0\u00bb font_container=\u00a0\u00bbtag:h1|font_size:36|text_align:left|color:%23706f6f\u00a0\u00bb google_fonts=\u00a0\u00bbfont_family:Lato%3A100%2C100italic%2C300%2C300italic%2Cregular%2Citalic%2C700%2C700italic%2C900%2C900italic|font_style:700%20bold%20regular%3A700%3Anormal\u00a0\u00bb][vc_separator color=\u00a0\u00bbcustom\u00a0\u00bb align=\u00a0\u00bbalign_left\u00a0\u00bb accent_color=\u00a0\u00bb#706f6f\u00a0\u00bb][\/vc_column][\/vc_row][vc_row][vc_column][\/vc_column][\/vc_row]","og_url":"http:\/\/dramaparis.com\/wp\/pieces-de-theatre\/","og_site_name":"Drama - Suzanne Sarquier","article_publisher":"https:\/\/www.facebook.com\/suzanne.sarquier","article_modified_time":"2026-02-17T10:16:12+00:00","twitter_card":"summary_large_image","twitter_misc":{"Dur\u00e9e de lecture estim\u00e9e":"3 minutes"},"schema":{"@context":"https:\/\/schema.org","@graph":[{"@type":"WebPage","@id":"http:\/\/dramaparis.com\/wp\/pieces-de-theatre\/","url":"http:\/\/dramaparis.com\/wp\/pieces-de-theatre\/","name":"Pi\u00e8ces de th\u00e9\u00e2tre - Drama - Suzanne Sarquier","isPartOf":{"@id":"https:\/\/dramaparis.com\/wp\/#website"},"datePublished":"2016-11-18T11:03:22+00:00","dateModified":"2026-02-17T10:16:12+00:00","breadcrumb":{"@id":"http:\/\/dramaparis.com\/wp\/pieces-de-theatre\/#breadcrumb"},"inLanguage":"fr-FR","potentialAction":[{"@type":"ReadAction","target":["http:\/\/dramaparis.com\/wp\/pieces-de-theatre\/"]}]},{"@type":"BreadcrumbList","@id":"http:\/\/dramaparis.com\/wp\/pieces-de-theatre\/#breadcrumb","itemListElement":[{"@type":"ListItem","position":1,"name":"Accueil","item":"https:\/\/dramaparis.com\/wp\/"},{"@type":"ListItem","position":2,"name":"Pi\u00e8ces de th\u00e9\u00e2tre"}]},{"@type":"WebSite","@id":"https:\/\/dramaparis.com\/wp\/#website","url":"https:\/\/dramaparis.com\/wp\/","name":"Drama - Suzanne Sarquier","description":"Agence litt\u00e9raire","publisher":{"@id":"https:\/\/dramaparis.com\/wp\/#organization"},"potentialAction":[{"@type":"SearchAction","target":{"@type":"EntryPoint","urlTemplate":"https:\/\/dramaparis.com\/wp\/?s={search_term_string}"},"query-input":{"@type":"PropertyValueSpecification","valueRequired":true,"valueName":"search_term_string"}}],"inLanguage":"fr-FR"},{"@type":"Organization","@id":"https:\/\/dramaparis.com\/wp\/#organization","name":"Drama \u2013 Suzanne Sarquier \u2013 Agence litt\u00e9raire","url":"https:\/\/dramaparis.com\/wp\/","logo":{"@type":"ImageObject","inLanguage":"fr-FR","@id":"https:\/\/dramaparis.com\/wp\/#\/schema\/logo\/image\/","url":"https:\/\/dramaparis.com\/wp\/wp-content\/uploads\/2016\/10\/LOGO_400X254.png","contentUrl":"https:\/\/dramaparis.com\/wp\/wp-content\/uploads\/2016\/10\/LOGO_400X254.png","width":400,"height":254,"caption":"Drama \u2013 Suzanne Sarquier \u2013 Agence litt\u00e9raire"},"image":{"@id":"https:\/\/dramaparis.com\/wp\/#\/schema\/logo\/image\/"},"sameAs":["https:\/\/www.facebook.com\/suzanne.sarquier","https:\/\/www.instagram.com\/dramaparissuzannesarquier\/"]}]}},"_links":{"self":[{"href":"https:\/\/dramaparis.com\/wp\/wp-json\/wp\/v2\/pages\/740","targetHints":{"allow":["GET"]}}],"collection":[{"href":"https:\/\/dramaparis.com\/wp\/wp-json\/wp\/v2\/pages"}],"about":[{"href":"https:\/\/dramaparis.com\/wp\/wp-json\/wp\/v2\/types\/page"}],"author":[{"embeddable":true,"href":"https:\/\/dramaparis.com\/wp\/wp-json\/wp\/v2\/users\/1"}],"replies":[{"embeddable":true,"href":"https:\/\/dramaparis.com\/wp\/wp-json\/wp\/v2\/comments?post=740"}],"version-history":[{"count":43,"href":"https:\/\/dramaparis.com\/wp\/wp-json\/wp\/v2\/pages\/740\/revisions"}],"predecessor-version":[{"id":10139,"href":"https:\/\/dramaparis.com\/wp\/wp-json\/wp\/v2\/pages\/740\/revisions\/10139"}],"wp:attachment":[{"href":"https:\/\/dramaparis.com\/wp\/wp-json\/wp\/v2\/media?parent=740"}],"curies":[{"name":"wp","href":"https:\/\/api.w.org\/{rel}","templated":true}]}}